{"id":10288,"date":"2020-03-17T04:40:35","date_gmt":"2020-03-17T04:40:35","guid":{"rendered":"https:\/\/carritec.com\/documentation\/"},"modified":"2021-04-27T14:28:21","modified_gmt":"2021-04-27T19:28:21","slug":"documentation","status":"publish","type":"page","link":"https:\/\/carritec.com\/fr\/documentation\/","title":{"rendered":"Documentation"},"content":{"rendered":"<p>Souhaitez-vous en d\u00e9couvrir davantage sur nos produits? Vous retrouvez ci-dessous toutes les informations dont vous avez besoin, que ce soit des brochures ou des sp\u00e9cifications sur nos s\u00e9ries. Laissez-nous vous aider \u00e0 concr\u00e9tiser votre concept.<\/p>\n","protected":false},"excerpt":{"rendered":"<p>Souhaitez-vous en d\u00e9couvrir davantage sur nos produits? Vous retrouvez ci-dessous toutes les informations dont vous avez besoin, que ce soit des brochures ou des sp\u00e9cifications sur nos s\u00e9ries. Laissez-nous vous aider \u00e0 concr\u00e9tiser votre concept.<\/p>\n","protected":false},"author":2,"featured_media":0,"parent":0,"menu_order":0,"comment_status":"closed","ping_status":"closed","template":"page-templates\/documentation-page.php","meta":{"_acf_changed":false,"footnotes":""},"class_list":["post-10288","page","type-page","status-publish","hentry"],"acf":[],"yoast_head":"<!-- This site is optimized with the Yoast SEO plugin v27.3 - https:\/\/yoast.com\/product\/yoast-seo-wordpress\/ -->\n<title>Documentation - Carritec<\/title>\n<meta name=\"description\" content=\"Souhaitez-vous en d\u00e9couvrir davantage sur nos produits? Vous retrouvez ci-dessous toutes les informations dont vous avez besoin, que ce soit des brochures ou des sp\u00e9cifications sur nos s\u00e9ries. Laissez-nous vous aider \u00e0 concr\u00e9tiser votre concept.\" \/>\n<meta name=\"robots\" content=\"index, follow, max-snippet:-1, max-image-preview:large, max-video-preview:-1\" \/>\n<link rel=\"canonical\" href=\"https:\/\/carritec.com\/fr\/documentation\/\" \/>\n<meta property=\"og:locale\" content=\"fr_FR\" \/>\n<meta property=\"og:type\" content=\"article\" \/>\n<meta property=\"og:title\" content=\"Documentation - Carritec\" \/>\n<meta property=\"og:description\" content=\"Souhaitez-vous en d\u00e9couvrir davantage sur nos produits? Vous retrouvez ci-dessous toutes les informations dont vous avez besoin, que ce soit des brochures ou des sp\u00e9cifications sur nos s\u00e9ries. Laissez-nous vous aider \u00e0 concr\u00e9tiser votre concept.\" \/>\n<meta property=\"og:url\" content=\"https:\/\/carritec.com\/fr\/documentation\/\" \/>\n<meta property=\"og:site_name\" content=\"Carritec\" \/>\n<meta property=\"article:modified_time\" content=\"2021-04-27T19:28:21+00:00\" \/>\n<meta name=\"twitter:card\" content=\"summary_large_image\" \/>\n<meta name=\"twitter:label1\" content=\"Dur\u00e9e de lecture estim\u00e9e\" \/>\n\t<meta name=\"twitter:data1\" content=\"1 minute\" \/>\n<script type=\"application\/ld+json\" class=\"yoast-schema-graph\">{\"@context\":\"https:\\\/\\\/schema.org\",\"@graph\":[{\"@type\":\"WebPage\",\"@id\":\"https:\\\/\\\/carritec.com\\\/fr\\\/documentation\\\/\",\"url\":\"https:\\\/\\\/carritec.com\\\/fr\\\/documentation\\\/\",\"name\":\"Documentation - Carritec\",\"isPartOf\":{\"@id\":\"https:\\\/\\\/carritec.com\\\/#website\"},\"datePublished\":\"2020-03-17T04:40:35+00:00\",\"dateModified\":\"2021-04-27T19:28:21+00:00\",\"description\":\"Souhaitez-vous en d\u00e9couvrir davantage sur nos produits? Vous retrouvez ci-dessous toutes les informations dont vous avez besoin, que ce soit des brochures ou des sp\u00e9cifications sur nos s\u00e9ries. Laissez-nous vous aider \u00e0 concr\u00e9tiser votre concept.\",\"breadcrumb\":{\"@id\":\"https:\\\/\\\/carritec.com\\\/fr\\\/documentation\\\/#breadcrumb\"},\"inLanguage\":\"fr-FR\",\"potentialAction\":[{\"@type\":\"ReadAction\",\"target\":[\"https:\\\/\\\/carritec.com\\\/fr\\\/documentation\\\/\"]}]},{\"@type\":\"BreadcrumbList\",\"@id\":\"https:\\\/\\\/carritec.com\\\/fr\\\/documentation\\\/#breadcrumb\",\"itemListElement\":[{\"@type\":\"ListItem\",\"position\":1,\"name\":\"Accueil\",\"item\":\"https:\\\/\\\/carritec.com\\\/fr\\\/\"},{\"@type\":\"ListItem\",\"position\":2,\"name\":\"Documentation\"}]},{\"@type\":\"WebSite\",\"@id\":\"https:\\\/\\\/carritec.com\\\/#website\",\"url\":\"https:\\\/\\\/carritec.com\\\/\",\"name\":\"Carritec\",\"description\":\"\",\"potentialAction\":[{\"@type\":\"SearchAction\",\"target\":{\"@type\":\"EntryPoint\",\"urlTemplate\":\"https:\\\/\\\/carritec.com\\\/?s={search_term_string}\"},\"query-input\":{\"@type\":\"PropertyValueSpecification\",\"valueRequired\":true,\"valueName\":\"search_term_string\"}}],\"inLanguage\":\"fr-FR\"}]}<\/script>\n<!-- \/ Yoast SEO plugin. -->","yoast_head_json":{"title":"Documentation - Carritec","description":"Souhaitez-vous en d\u00e9couvrir davantage sur nos produits? Vous retrouvez ci-dessous toutes les informations dont vous avez besoin, que ce soit des brochures ou des sp\u00e9cifications sur nos s\u00e9ries. Laissez-nous vous aider \u00e0 concr\u00e9tiser votre concept.","robots":{"index":"index","follow":"follow","max-snippet":"max-snippet:-1","max-image-preview":"max-image-preview:large","max-video-preview":"max-video-preview:-1"},"canonical":"https:\/\/carritec.com\/fr\/documentation\/","og_locale":"fr_FR","og_type":"article","og_title":"Documentation - Carritec","og_description":"Souhaitez-vous en d\u00e9couvrir davantage sur nos produits? Vous retrouvez ci-dessous toutes les informations dont vous avez besoin, que ce soit des brochures ou des sp\u00e9cifications sur nos s\u00e9ries. Laissez-nous vous aider \u00e0 concr\u00e9tiser votre concept.","og_url":"https:\/\/carritec.com\/fr\/documentation\/","og_site_name":"Carritec","article_modified_time":"2021-04-27T19:28:21+00:00","twitter_card":"summary_large_image","twitter_misc":{"Dur\u00e9e de lecture estim\u00e9e":"1 minute"},"schema":{"@context":"https:\/\/schema.org","@graph":[{"@type":"WebPage","@id":"https:\/\/carritec.com\/fr\/documentation\/","url":"https:\/\/carritec.com\/fr\/documentation\/","name":"Documentation - Carritec","isPartOf":{"@id":"https:\/\/carritec.com\/#website"},"datePublished":"2020-03-17T04:40:35+00:00","dateModified":"2021-04-27T19:28:21+00:00","description":"Souhaitez-vous en d\u00e9couvrir davantage sur nos produits? Vous retrouvez ci-dessous toutes les informations dont vous avez besoin, que ce soit des brochures ou des sp\u00e9cifications sur nos s\u00e9ries. Laissez-nous vous aider \u00e0 concr\u00e9tiser votre concept.","breadcrumb":{"@id":"https:\/\/carritec.com\/fr\/documentation\/#breadcrumb"},"inLanguage":"fr-FR","potentialAction":[{"@type":"ReadAction","target":["https:\/\/carritec.com\/fr\/documentation\/"]}]},{"@type":"BreadcrumbList","@id":"https:\/\/carritec.com\/fr\/documentation\/#breadcrumb","itemListElement":[{"@type":"ListItem","position":1,"name":"Accueil","item":"https:\/\/carritec.com\/fr\/"},{"@type":"ListItem","position":2,"name":"Documentation"}]},{"@type":"WebSite","@id":"https:\/\/carritec.com\/#website","url":"https:\/\/carritec.com\/","name":"Carritec","description":"","potentialAction":[{"@type":"SearchAction","target":{"@type":"EntryPoint","urlTemplate":"https:\/\/carritec.com\/?s={search_term_string}"},"query-input":{"@type":"PropertyValueSpecification","valueRequired":true,"valueName":"search_term_string"}}],"inLanguage":"fr-FR"}]}},"_links":{"self":[{"href":"https:\/\/carritec.com\/fr\/wp-json\/wp\/v2\/pages\/10288","targetHints":{"allow":["GET"]}}],"collection":[{"href":"https:\/\/carritec.com\/fr\/wp-json\/wp\/v2\/pages"}],"about":[{"href":"https:\/\/carritec.com\/fr\/wp-json\/wp\/v2\/types\/page"}],"author":[{"embeddable":true,"href":"https:\/\/carritec.com\/fr\/wp-json\/wp\/v2\/users\/2"}],"replies":[{"embeddable":true,"href":"https:\/\/carritec.com\/fr\/wp-json\/wp\/v2\/comments?post=10288"}],"version-history":[{"count":2,"href":"https:\/\/carritec.com\/fr\/wp-json\/wp\/v2\/pages\/10288\/revisions"}],"predecessor-version":[{"id":10359,"href":"https:\/\/carritec.com\/fr\/wp-json\/wp\/v2\/pages\/10288\/revisions\/10359"}],"wp:attachment":[{"href":"https:\/\/carritec.com\/fr\/wp-json\/wp\/v2\/media?parent=10288"}],"curies":[{"name":"wp","href":"https:\/\/api.w.org\/{rel}","templated":true}]}}