{"id":10294,"date":"2020-03-16T07:07:10","date_gmt":"2020-03-16T07:07:10","guid":{"rendered":"https:\/\/carritec.com\/finishes\/"},"modified":"2021-04-27T14:24:44","modified_gmt":"2021-04-27T19:24:44","slug":"finitions","status":"publish","type":"page","link":"https:\/\/carritec.com\/fr\/finitions\/","title":{"rendered":"Finitions"},"content":{"rendered":"","protected":false},"excerpt":{"rendered":"","protected":false},"author":2,"featured_media":0,"parent":0,"menu_order":0,"comment_status":"closed","ping_status":"closed","template":"page-templates\/finishing-overview.php","meta":{"_acf_changed":false,"footnotes":""},"class_list":["post-10294","page","type-page","status-publish","hentry"],"acf":[],"yoast_head":"<!-- This site is optimized with the Yoast SEO plugin v27.3 - https:\/\/yoast.com\/product\/yoast-seo-wordpress\/ -->\n<title>Finitions - Carritec<\/title>\n<meta name=\"description\" content=\"Quel que soit votre choix de finition, Carritec est fier de ses r\u00e9sultats de haute qualit\u00e9, durables et \u00e9tonnants.\" \/>\n<meta name=\"robots\" content=\"index, follow, max-snippet:-1, max-image-preview:large, max-video-preview:-1\" \/>\n<link rel=\"canonical\" href=\"https:\/\/carritec.com\/fr\/finitions\/\" \/>\n<meta property=\"og:locale\" content=\"fr_FR\" \/>\n<meta property=\"og:type\" content=\"article\" \/>\n<meta property=\"og:title\" content=\"Finitions - Carritec\" \/>\n<meta property=\"og:description\" content=\"Quel que soit votre choix de finition, Carritec est fier de ses r\u00e9sultats de haute qualit\u00e9, durables et \u00e9tonnants.\" \/>\n<meta property=\"og:url\" content=\"https:\/\/carritec.com\/fr\/finitions\/\" \/>\n<meta property=\"og:site_name\" content=\"Carritec\" \/>\n<meta property=\"article:modified_time\" content=\"2021-04-27T19:24:44+00:00\" \/>\n<meta name=\"twitter:card\" content=\"summary_large_image\" \/>\n<script type=\"application\/ld+json\" class=\"yoast-schema-graph\">{\"@context\":\"https:\\\/\\\/schema.org\",\"@graph\":[{\"@type\":\"WebPage\",\"@id\":\"https:\\\/\\\/carritec.com\\\/fr\\\/finitions\\\/\",\"url\":\"https:\\\/\\\/carritec.com\\\/fr\\\/finitions\\\/\",\"name\":\"Finitions - Carritec\",\"isPartOf\":{\"@id\":\"https:\\\/\\\/carritec.com\\\/#website\"},\"datePublished\":\"2020-03-16T07:07:10+00:00\",\"dateModified\":\"2021-04-27T19:24:44+00:00\",\"description\":\"Quel que soit votre choix de finition, Carritec est fier de ses r\u00e9sultats de haute qualit\u00e9, durables et \u00e9tonnants.\",\"breadcrumb\":{\"@id\":\"https:\\\/\\\/carritec.com\\\/fr\\\/finitions\\\/#breadcrumb\"},\"inLanguage\":\"fr-FR\",\"potentialAction\":[{\"@type\":\"ReadAction\",\"target\":[\"https:\\\/\\\/carritec.com\\\/fr\\\/finitions\\\/\"]}]},{\"@type\":\"BreadcrumbList\",\"@id\":\"https:\\\/\\\/carritec.com\\\/fr\\\/finitions\\\/#breadcrumb\",\"itemListElement\":[{\"@type\":\"ListItem\",\"position\":1,\"name\":\"Accueil\",\"item\":\"https:\\\/\\\/carritec.com\\\/fr\\\/\"},{\"@type\":\"ListItem\",\"position\":2,\"name\":\"Finitions\"}]},{\"@type\":\"WebSite\",\"@id\":\"https:\\\/\\\/carritec.com\\\/#website\",\"url\":\"https:\\\/\\\/carritec.com\\\/\",\"name\":\"Carritec\",\"description\":\"\",\"potentialAction\":[{\"@type\":\"SearchAction\",\"target\":{\"@type\":\"EntryPoint\",\"urlTemplate\":\"https:\\\/\\\/carritec.com\\\/?s={search_term_string}\"},\"query-input\":{\"@type\":\"PropertyValueSpecification\",\"valueRequired\":true,\"valueName\":\"search_term_string\"}}],\"inLanguage\":\"fr-FR\"}]}<\/script>\n<!-- \/ Yoast SEO plugin. -->","yoast_head_json":{"title":"Finitions - Carritec","description":"Quel que soit votre choix de finition, Carritec est fier de ses r\u00e9sultats de haute qualit\u00e9, durables et \u00e9tonnants.","robots":{"index":"index","follow":"follow","max-snippet":"max-snippet:-1","max-image-preview":"max-image-preview:large","max-video-preview":"max-video-preview:-1"},"canonical":"https:\/\/carritec.com\/fr\/finitions\/","og_locale":"fr_FR","og_type":"article","og_title":"Finitions - Carritec","og_description":"Quel que soit votre choix de finition, Carritec est fier de ses r\u00e9sultats de haute qualit\u00e9, durables et \u00e9tonnants.","og_url":"https:\/\/carritec.com\/fr\/finitions\/","og_site_name":"Carritec","article_modified_time":"2021-04-27T19:24:44+00:00","twitter_card":"summary_large_image","schema":{"@context":"https:\/\/schema.org","@graph":[{"@type":"WebPage","@id":"https:\/\/carritec.com\/fr\/finitions\/","url":"https:\/\/carritec.com\/fr\/finitions\/","name":"Finitions - Carritec","isPartOf":{"@id":"https:\/\/carritec.com\/#website"},"datePublished":"2020-03-16T07:07:10+00:00","dateModified":"2021-04-27T19:24:44+00:00","description":"Quel que soit votre choix de finition, Carritec est fier de ses r\u00e9sultats de haute qualit\u00e9, durables et \u00e9tonnants.","breadcrumb":{"@id":"https:\/\/carritec.com\/fr\/finitions\/#breadcrumb"},"inLanguage":"fr-FR","potentialAction":[{"@type":"ReadAction","target":["https:\/\/carritec.com\/fr\/finitions\/"]}]},{"@type":"BreadcrumbList","@id":"https:\/\/carritec.com\/fr\/finitions\/#breadcrumb","itemListElement":[{"@type":"ListItem","position":1,"name":"Accueil","item":"https:\/\/carritec.com\/fr\/"},{"@type":"ListItem","position":2,"name":"Finitions"}]},{"@type":"WebSite","@id":"https:\/\/carritec.com\/#website","url":"https:\/\/carritec.com\/","name":"Carritec","description":"","potentialAction":[{"@type":"SearchAction","target":{"@type":"EntryPoint","urlTemplate":"https:\/\/carritec.com\/?s={search_term_string}"},"query-input":{"@type":"PropertyValueSpecification","valueRequired":true,"valueName":"search_term_string"}}],"inLanguage":"fr-FR"}]}},"_links":{"self":[{"href":"https:\/\/carritec.com\/fr\/wp-json\/wp\/v2\/pages\/10294","targetHints":{"allow":["GET"]}}],"collection":[{"href":"https:\/\/carritec.com\/fr\/wp-json\/wp\/v2\/pages"}],"about":[{"href":"https:\/\/carritec.com\/fr\/wp-json\/wp\/v2\/types\/page"}],"author":[{"embeddable":true,"href":"https:\/\/carritec.com\/fr\/wp-json\/wp\/v2\/users\/2"}],"replies":[{"embeddable":true,"href":"https:\/\/carritec.com\/fr\/wp-json\/wp\/v2\/comments?post=10294"}],"version-history":[{"count":2,"href":"https:\/\/carritec.com\/fr\/wp-json\/wp\/v2\/pages\/10294\/revisions"}],"predecessor-version":[{"id":10361,"href":"https:\/\/carritec.com\/fr\/wp-json\/wp\/v2\/pages\/10294\/revisions\/10361"}],"wp:attachment":[{"href":"https:\/\/carritec.com\/fr\/wp-json\/wp\/v2\/media?parent=10294"}],"curies":[{"name":"wp","href":"https:\/\/api.w.org\/{rel}","templated":true}]}}