{"id":1451,"date":"2020-03-14T03:55:36","date_gmt":"2020-03-14T08:55:36","guid":{"rendered":"https:\/\/carritec.com\/architectural-division\/"},"modified":"2021-04-27T14:26:41","modified_gmt":"2021-04-27T19:26:41","slug":"division-darchitecture","status":"publish","type":"page","link":"https:\/\/carritec.com\/fr\/division-darchitecture\/","title":{"rendered":"Division architecture"},"content":{"rendered":"","protected":false},"excerpt":{"rendered":"","protected":false},"author":2,"featured_media":0,"parent":0,"menu_order":0,"comment_status":"closed","ping_status":"closed","template":"page-templates\/division-page.php","meta":{"_acf_changed":false,"footnotes":""},"class_list":["post-1451","page","type-page","status-publish","hentry"],"acf":[],"yoast_head":"<!-- This site is optimized with the Yoast SEO plugin v27.3 - https:\/\/yoast.com\/product\/yoast-seo-wordpress\/ -->\n<title>Division architecture - Carritec<\/title>\n<meta name=\"description\" content=\"Carritec est le sp\u00e9cialiste des solutions architecturales personnalis\u00e9es. Nous utilisons nos connaissances approfondies et notre exp\u00e9rience, ainsi que notre empressement \u00e0 vous assister dans la conception, pour coordonner la fabrication du m\u00e9tal de toute taille et de toute forme afin de concr\u00e9tiser votre vision.\" \/>\n<meta name=\"robots\" content=\"index, follow, max-snippet:-1, max-image-preview:large, max-video-preview:-1\" \/>\n<link rel=\"canonical\" href=\"https:\/\/carritec.com\/fr\/division-darchitecture\/\" \/>\n<meta property=\"og:locale\" content=\"fr_FR\" \/>\n<meta property=\"og:type\" content=\"article\" \/>\n<meta property=\"og:title\" content=\"Division architecture - Carritec\" \/>\n<meta property=\"og:description\" content=\"Carritec est le sp\u00e9cialiste des solutions architecturales personnalis\u00e9es. Nous utilisons nos connaissances approfondies et notre exp\u00e9rience, ainsi que notre empressement \u00e0 vous assister dans la conception, pour coordonner la fabrication du m\u00e9tal de toute taille et de toute forme afin de concr\u00e9tiser votre vision.\" \/>\n<meta property=\"og:url\" content=\"https:\/\/carritec.com\/fr\/division-darchitecture\/\" \/>\n<meta property=\"og:site_name\" content=\"Carritec\" \/>\n<meta property=\"article:modified_time\" content=\"2021-04-27T19:26:41+00:00\" \/>\n<meta name=\"twitter:card\" content=\"summary_large_image\" \/>\n<script type=\"application\/ld+json\" class=\"yoast-schema-graph\">{\"@context\":\"https:\\\/\\\/schema.org\",\"@graph\":[{\"@type\":\"WebPage\",\"@id\":\"https:\\\/\\\/carritec.com\\\/fr\\\/division-darchitecture\\\/\",\"url\":\"https:\\\/\\\/carritec.com\\\/fr\\\/division-darchitecture\\\/\",\"name\":\"Division architecture - Carritec\",\"isPartOf\":{\"@id\":\"https:\\\/\\\/carritec.com\\\/#website\"},\"datePublished\":\"2020-03-14T08:55:36+00:00\",\"dateModified\":\"2021-04-27T19:26:41+00:00\",\"description\":\"Carritec est le sp\u00e9cialiste des solutions architecturales personnalis\u00e9es. Nous utilisons nos connaissances approfondies et notre exp\u00e9rience, ainsi que notre empressement \u00e0 vous assister dans la conception, pour coordonner la fabrication du m\u00e9tal de toute taille et de toute forme afin de concr\u00e9tiser votre vision.\",\"breadcrumb\":{\"@id\":\"https:\\\/\\\/carritec.com\\\/fr\\\/division-darchitecture\\\/#breadcrumb\"},\"inLanguage\":\"fr-FR\",\"potentialAction\":[{\"@type\":\"ReadAction\",\"target\":[\"https:\\\/\\\/carritec.com\\\/fr\\\/division-darchitecture\\\/\"]}]},{\"@type\":\"BreadcrumbList\",\"@id\":\"https:\\\/\\\/carritec.com\\\/fr\\\/division-darchitecture\\\/#breadcrumb\",\"itemListElement\":[{\"@type\":\"ListItem\",\"position\":1,\"name\":\"Accueil\",\"item\":\"https:\\\/\\\/carritec.com\\\/fr\\\/\"},{\"@type\":\"ListItem\",\"position\":2,\"name\":\"Division architecture\"}]},{\"@type\":\"WebSite\",\"@id\":\"https:\\\/\\\/carritec.com\\\/#website\",\"url\":\"https:\\\/\\\/carritec.com\\\/\",\"name\":\"Carritec\",\"description\":\"\",\"potentialAction\":[{\"@type\":\"SearchAction\",\"target\":{\"@type\":\"EntryPoint\",\"urlTemplate\":\"https:\\\/\\\/carritec.com\\\/?s={search_term_string}\"},\"query-input\":{\"@type\":\"PropertyValueSpecification\",\"valueRequired\":true,\"valueName\":\"search_term_string\"}}],\"inLanguage\":\"fr-FR\"}]}<\/script>\n<!-- \/ Yoast SEO plugin. -->","yoast_head_json":{"title":"Division architecture - Carritec","description":"Carritec est le sp\u00e9cialiste des solutions architecturales personnalis\u00e9es. Nous utilisons nos connaissances approfondies et notre exp\u00e9rience, ainsi que notre empressement \u00e0 vous assister dans la conception, pour coordonner la fabrication du m\u00e9tal de toute taille et de toute forme afin de concr\u00e9tiser votre vision.","robots":{"index":"index","follow":"follow","max-snippet":"max-snippet:-1","max-image-preview":"max-image-preview:large","max-video-preview":"max-video-preview:-1"},"canonical":"https:\/\/carritec.com\/fr\/division-darchitecture\/","og_locale":"fr_FR","og_type":"article","og_title":"Division architecture - Carritec","og_description":"Carritec est le sp\u00e9cialiste des solutions architecturales personnalis\u00e9es. Nous utilisons nos connaissances approfondies et notre exp\u00e9rience, ainsi que notre empressement \u00e0 vous assister dans la conception, pour coordonner la fabrication du m\u00e9tal de toute taille et de toute forme afin de concr\u00e9tiser votre vision.","og_url":"https:\/\/carritec.com\/fr\/division-darchitecture\/","og_site_name":"Carritec","article_modified_time":"2021-04-27T19:26:41+00:00","twitter_card":"summary_large_image","schema":{"@context":"https:\/\/schema.org","@graph":[{"@type":"WebPage","@id":"https:\/\/carritec.com\/fr\/division-darchitecture\/","url":"https:\/\/carritec.com\/fr\/division-darchitecture\/","name":"Division architecture - Carritec","isPartOf":{"@id":"https:\/\/carritec.com\/#website"},"datePublished":"2020-03-14T08:55:36+00:00","dateModified":"2021-04-27T19:26:41+00:00","description":"Carritec est le sp\u00e9cialiste des solutions architecturales personnalis\u00e9es. Nous utilisons nos connaissances approfondies et notre exp\u00e9rience, ainsi que notre empressement \u00e0 vous assister dans la conception, pour coordonner la fabrication du m\u00e9tal de toute taille et de toute forme afin de concr\u00e9tiser votre vision.","breadcrumb":{"@id":"https:\/\/carritec.com\/fr\/division-darchitecture\/#breadcrumb"},"inLanguage":"fr-FR","potentialAction":[{"@type":"ReadAction","target":["https:\/\/carritec.com\/fr\/division-darchitecture\/"]}]},{"@type":"BreadcrumbList","@id":"https:\/\/carritec.com\/fr\/division-darchitecture\/#breadcrumb","itemListElement":[{"@type":"ListItem","position":1,"name":"Accueil","item":"https:\/\/carritec.com\/fr\/"},{"@type":"ListItem","position":2,"name":"Division architecture"}]},{"@type":"WebSite","@id":"https:\/\/carritec.com\/#website","url":"https:\/\/carritec.com\/","name":"Carritec","description":"","potentialAction":[{"@type":"SearchAction","target":{"@type":"EntryPoint","urlTemplate":"https:\/\/carritec.com\/?s={search_term_string}"},"query-input":{"@type":"PropertyValueSpecification","valueRequired":true,"valueName":"search_term_string"}}],"inLanguage":"fr-FR"}]}},"_links":{"self":[{"href":"https:\/\/carritec.com\/fr\/wp-json\/wp\/v2\/pages\/1451","targetHints":{"allow":["GET"]}}],"collection":[{"href":"https:\/\/carritec.com\/fr\/wp-json\/wp\/v2\/pages"}],"about":[{"href":"https:\/\/carritec.com\/fr\/wp-json\/wp\/v2\/types\/page"}],"author":[{"embeddable":true,"href":"https:\/\/carritec.com\/fr\/wp-json\/wp\/v2\/users\/2"}],"replies":[{"embeddable":true,"href":"https:\/\/carritec.com\/fr\/wp-json\/wp\/v2\/comments?post=1451"}],"version-history":[{"count":4,"href":"https:\/\/carritec.com\/fr\/wp-json\/wp\/v2\/pages\/1451\/revisions"}],"predecessor-version":[{"id":10419,"href":"https:\/\/carritec.com\/fr\/wp-json\/wp\/v2\/pages\/1451\/revisions\/10419"}],"wp:attachment":[{"href":"https:\/\/carritec.com\/fr\/wp-json\/wp\/v2\/media?parent=1451"}],"curies":[{"name":"wp","href":"https:\/\/api.w.org\/{rel}","templated":true}]}}