{"id":1481,"date":"2020-06-02T10:03:45","date_gmt":"2020-06-02T15:03:45","guid":{"rendered":"https:\/\/carritec.com\/industrial-division\/"},"modified":"2021-04-27T14:34:13","modified_gmt":"2021-04-27T19:34:13","slug":"division-industrielle","status":"publish","type":"page","link":"https:\/\/carritec.com\/fr\/division-industrielle\/","title":{"rendered":"Division industrielle"},"content":{"rendered":"","protected":false},"excerpt":{"rendered":"","protected":false},"author":2,"featured_media":0,"parent":0,"menu_order":0,"comment_status":"closed","ping_status":"closed","template":"page-templates\/division-page.php","meta":{"_acf_changed":false,"footnotes":""},"class_list":["post-1481","page","type-page","status-publish","hentry"],"acf":[],"yoast_head":"<!-- This site is optimized with the Yoast SEO plugin v27.5 - https:\/\/yoast.com\/product\/yoast-seo-wordpress\/ -->\n<title>Division industrielle - Carritec<\/title>\n<meta name=\"description\" content=\"La division industrielle de Carritec a pour but de simplifier vos op\u00e9rations quotidiennes. Les rampes, les \u00e9l\u00e9vateurs, les plateaux et les plates-formes m\u00e9talliques rendent non seulement les t\u00e2ches plus faciles et plus s\u00fbres, elles permettent \u00e9galement de gagner un temps pr\u00e9cieux dans vos processus de production, ce qui lib\u00e8re \u00e0 la fois de la main-d\u2019\u0153uvre et du capita\" \/>\n<meta name=\"robots\" content=\"index, follow, max-snippet:-1, max-image-preview:large, max-video-preview:-1\" \/>\n<link rel=\"canonical\" href=\"https:\/\/carritec.com\/industrial-division\/\" \/>\n<meta property=\"og:locale\" content=\"fr_FR\" \/>\n<meta property=\"og:type\" content=\"article\" \/>\n<meta property=\"og:title\" content=\"Division industrielle - Carritec\" \/>\n<meta property=\"og:description\" content=\"La division industrielle de Carritec a pour but de simplifier vos op\u00e9rations quotidiennes. Les rampes, les \u00e9l\u00e9vateurs, les plateaux et les plates-formes m\u00e9talliques rendent non seulement les t\u00e2ches plus faciles et plus s\u00fbres, elles permettent \u00e9galement de gagner un temps pr\u00e9cieux dans vos processus de production, ce qui lib\u00e8re \u00e0 la fois de la main-d\u2019\u0153uvre et du capita\" \/>\n<meta property=\"og:url\" content=\"https:\/\/carritec.com\/industrial-division\/\" \/>\n<meta property=\"og:site_name\" content=\"Carritec\" \/>\n<meta property=\"article:modified_time\" content=\"2021-04-27T19:34:13+00:00\" \/>\n<meta name=\"twitter:card\" content=\"summary_large_image\" \/>\n<script type=\"application\/ld+json\" class=\"yoast-schema-graph\">{\"@context\":\"https:\\\/\\\/schema.org\",\"@graph\":[{\"@type\":\"WebPage\",\"@id\":\"https:\\\/\\\/carritec.com\\\/industrial-division\\\/\",\"url\":\"https:\\\/\\\/carritec.com\\\/industrial-division\\\/\",\"name\":\"Division industrielle - Carritec\",\"isPartOf\":{\"@id\":\"https:\\\/\\\/carritec.com\\\/#website\"},\"datePublished\":\"2020-06-02T15:03:45+00:00\",\"dateModified\":\"2021-04-27T19:34:13+00:00\",\"description\":\"La division industrielle de Carritec a pour but de simplifier vos op\u00e9rations quotidiennes. Les rampes, les \u00e9l\u00e9vateurs, les plateaux et les plates-formes m\u00e9talliques rendent non seulement les t\u00e2ches plus faciles et plus s\u00fbres, elles permettent \u00e9galement de gagner un temps pr\u00e9cieux dans vos processus de production, ce qui lib\u00e8re \u00e0 la fois de la main-d\u2019\u0153uvre et du capita\",\"breadcrumb\":{\"@id\":\"https:\\\/\\\/carritec.com\\\/industrial-division\\\/#breadcrumb\"},\"inLanguage\":\"fr-FR\",\"potentialAction\":[{\"@type\":\"ReadAction\",\"target\":[\"https:\\\/\\\/carritec.com\\\/industrial-division\\\/\"]}]},{\"@type\":\"BreadcrumbList\",\"@id\":\"https:\\\/\\\/carritec.com\\\/industrial-division\\\/#breadcrumb\",\"itemListElement\":[{\"@type\":\"ListItem\",\"position\":1,\"name\":\"Accueil\",\"item\":\"https:\\\/\\\/carritec.com\\\/fr\\\/\"},{\"@type\":\"ListItem\",\"position\":2,\"name\":\"Division industrielle\"}]},{\"@type\":\"WebSite\",\"@id\":\"https:\\\/\\\/carritec.com\\\/#website\",\"url\":\"https:\\\/\\\/carritec.com\\\/\",\"name\":\"Carritec\",\"description\":\"\",\"potentialAction\":[{\"@type\":\"SearchAction\",\"target\":{\"@type\":\"EntryPoint\",\"urlTemplate\":\"https:\\\/\\\/carritec.com\\\/?s={search_term_string}\"},\"query-input\":{\"@type\":\"PropertyValueSpecification\",\"valueRequired\":true,\"valueName\":\"search_term_string\"}}],\"inLanguage\":\"fr-FR\"}]}<\/script>\n<!-- \/ Yoast SEO plugin. -->","yoast_head_json":{"title":"Division industrielle - Carritec","description":"La division industrielle de Carritec a pour but de simplifier vos op\u00e9rations quotidiennes. Les rampes, les \u00e9l\u00e9vateurs, les plateaux et les plates-formes m\u00e9talliques rendent non seulement les t\u00e2ches plus faciles et plus s\u00fbres, elles permettent \u00e9galement de gagner un temps pr\u00e9cieux dans vos processus de production, ce qui lib\u00e8re \u00e0 la fois de la main-d\u2019\u0153uvre et du capita","robots":{"index":"index","follow":"follow","max-snippet":"max-snippet:-1","max-image-preview":"max-image-preview:large","max-video-preview":"max-video-preview:-1"},"canonical":"https:\/\/carritec.com\/industrial-division\/","og_locale":"fr_FR","og_type":"article","og_title":"Division industrielle - Carritec","og_description":"La division industrielle de Carritec a pour but de simplifier vos op\u00e9rations quotidiennes. Les rampes, les \u00e9l\u00e9vateurs, les plateaux et les plates-formes m\u00e9talliques rendent non seulement les t\u00e2ches plus faciles et plus s\u00fbres, elles permettent \u00e9galement de gagner un temps pr\u00e9cieux dans vos processus de production, ce qui lib\u00e8re \u00e0 la fois de la main-d\u2019\u0153uvre et du capita","og_url":"https:\/\/carritec.com\/industrial-division\/","og_site_name":"Carritec","article_modified_time":"2021-04-27T19:34:13+00:00","twitter_card":"summary_large_image","schema":{"@context":"https:\/\/schema.org","@graph":[{"@type":"WebPage","@id":"https:\/\/carritec.com\/industrial-division\/","url":"https:\/\/carritec.com\/industrial-division\/","name":"Division industrielle - Carritec","isPartOf":{"@id":"https:\/\/carritec.com\/#website"},"datePublished":"2020-06-02T15:03:45+00:00","dateModified":"2021-04-27T19:34:13+00:00","description":"La division industrielle de Carritec a pour but de simplifier vos op\u00e9rations quotidiennes. Les rampes, les \u00e9l\u00e9vateurs, les plateaux et les plates-formes m\u00e9talliques rendent non seulement les t\u00e2ches plus faciles et plus s\u00fbres, elles permettent \u00e9galement de gagner un temps pr\u00e9cieux dans vos processus de production, ce qui lib\u00e8re \u00e0 la fois de la main-d\u2019\u0153uvre et du capita","breadcrumb":{"@id":"https:\/\/carritec.com\/industrial-division\/#breadcrumb"},"inLanguage":"fr-FR","potentialAction":[{"@type":"ReadAction","target":["https:\/\/carritec.com\/industrial-division\/"]}]},{"@type":"BreadcrumbList","@id":"https:\/\/carritec.com\/industrial-division\/#breadcrumb","itemListElement":[{"@type":"ListItem","position":1,"name":"Accueil","item":"https:\/\/carritec.com\/fr\/"},{"@type":"ListItem","position":2,"name":"Division industrielle"}]},{"@type":"WebSite","@id":"https:\/\/carritec.com\/#website","url":"https:\/\/carritec.com\/","name":"Carritec","description":"","potentialAction":[{"@type":"SearchAction","target":{"@type":"EntryPoint","urlTemplate":"https:\/\/carritec.com\/?s={search_term_string}"},"query-input":{"@type":"PropertyValueSpecification","valueRequired":true,"valueName":"search_term_string"}}],"inLanguage":"fr-FR"}]}},"_links":{"self":[{"href":"https:\/\/carritec.com\/fr\/wp-json\/wp\/v2\/pages\/1481","targetHints":{"allow":["GET"]}}],"collection":[{"href":"https:\/\/carritec.com\/fr\/wp-json\/wp\/v2\/pages"}],"about":[{"href":"https:\/\/carritec.com\/fr\/wp-json\/wp\/v2\/types\/page"}],"author":[{"embeddable":true,"href":"https:\/\/carritec.com\/fr\/wp-json\/wp\/v2\/users\/2"}],"replies":[{"embeddable":true,"href":"https:\/\/carritec.com\/fr\/wp-json\/wp\/v2\/comments?post=1481"}],"version-history":[{"count":6,"href":"https:\/\/carritec.com\/fr\/wp-json\/wp\/v2\/pages\/1481\/revisions"}],"predecessor-version":[{"id":10421,"href":"https:\/\/carritec.com\/fr\/wp-json\/wp\/v2\/pages\/1481\/revisions\/10421"}],"wp:attachment":[{"href":"https:\/\/carritec.com\/fr\/wp-json\/wp\/v2\/media?parent=1481"}],"curies":[{"name":"wp","href":"https:\/\/api.w.org\/{rel}","templated":true}]}}